{"id":952,"date":"2016-07-15T14:19:28","date_gmt":"2016-07-15T11:19:28","guid":{"rendered":"http:\/\/test.kriesi.at\/enfold-medical\/?page_id=952"},"modified":"2024-07-31T14:24:48","modified_gmt":"2024-07-31T11:24:48","slug":"our-treatments","status":"publish","type":"page","link":"https:\/\/drturanpoyraz.com\/en\/our-treatments\/","title":{"rendered":"Our treatments"},"content":{"rendered":"\n<style type=\"text\/css\" data-created_by=\"avia_inline_auto\" id=\"style-css-av-6ky20-f04009c786d3f6980fd3e91fe6cd1e9e\">\n.avia-section.av-6ky20-f04009c786d3f6980fd3e91fe6cd1e9e{\nbackground-color:#e5ae58;\nposition:relative;\n}\n.avia-section.av-6ky20-f04009c786d3f6980fd3e91fe6cd1e9e .avia-divider-svg-top svg{\nheight:30px;\nwidth:calc(100% + 1.3px);\nfill:#ffffff;\n}\n.avia-section.av-6ky20-f04009c786d3f6980fd3e91fe6cd1e9e .avia-divider-svg-bottom svg{\nheight:30px;\nwidth:calc(100% + 1.3px);\nfill:#ffffff;\n}\n<\/style>\n<div id='av_section_1'  class='avia-section av-6ky20-f04009c786d3f6980fd3e91fe6cd1e9e main_color avia-section-default avia-no-border-styling  avia-builder-el-0  el_before_av_section  avia-builder-el-first  avia-bg-style-scroll container_wrap fullsize'  ><div class='avia-divider-svg avia-divider-svg-opacity-fan avia-divider-svg-top avia-svg-original'><svg xmlns=\"http:\/\/www.w3.org\/2000\/svg\" viewBox=\"0 0 283.5 19.6\" preserveAspectRatio=\"none\">\n\t<path style=\"opacity:0.33\" d=\"M0 0L0 18.8 141.8 4.1 283.5 18.8 283.5 0z\"\/>\n\t<path style=\"opacity:0.33\" d=\"M0 0L0 12.6 141.8 4 283.5 12.6 283.5 0z\"\/>\n\t<path style=\"opacity:0.33\" d=\"M0 0L0 6.4 141.8 4 283.5 6.4 283.5 0z\"\/>\n\t<path d=\"M0 0L0 1.2 141.8 4 283.5 1.2 283.5 0z\"\/>\n<\/svg><\/div><div class='avia-divider-svg avia-divider-svg-opacity-fan avia-divider-svg-bottom avia-to-front avia-svg-original'><svg xmlns=\"http:\/\/www.w3.org\/2000\/svg\" viewBox=\"0 0 283.5 19.6\" preserveAspectRatio=\"none\">\n\t<path style=\"opacity:0.33\" d=\"M0 0L0 18.8 141.8 4.1 283.5 18.8 283.5 0z\"\/>\n\t<path style=\"opacity:0.33\" d=\"M0 0L0 12.6 141.8 4 283.5 12.6 283.5 0z\"\/>\n\t<path style=\"opacity:0.33\" d=\"M0 0L0 6.4 141.8 4 283.5 6.4 283.5 0z\"\/>\n\t<path d=\"M0 0L0 1.2 141.8 4 283.5 1.2 283.5 0z\"\/>\n<\/svg><\/div><div class='container av-section-cont-open' ><main  role=\"main\" itemprop=\"mainContentOfPage\"  class='template-page content  av-content-full alpha units'><div class='post-entry post-entry-type-page post-entry-952'><div class='entry-content-wrapper clearfix'>\n\n<style type=\"text\/css\" data-created_by=\"avia_inline_auto\" id=\"style-css-av-kyy5wk2e-c14f7b32d3de40d5b53b75a900d466dc\">\n#top .av-special-heading.av-kyy5wk2e-c14f7b32d3de40d5b53b75a900d466dc{\npadding-bottom:10px;\n}\nbody .av-special-heading.av-kyy5wk2e-c14f7b32d3de40d5b53b75a900d466dc .av-special-heading-tag .heading-char{\nfont-size:25px;\n}\n.av-special-heading.av-kyy5wk2e-c14f7b32d3de40d5b53b75a900d466dc .av-subheading{\nfont-size:15px;\n}\n<\/style>\n<div  class='av-special-heading av-kyy5wk2e-c14f7b32d3de40d5b53b75a900d466dc av-special-heading-h1 blockquote modern-quote modern-centered  avia-builder-el-1  avia-builder-el-no-sibling '><h1 class='av-special-heading-tag'  itemprop=\"headline\"  >TEDAV\u0130LER\u0130M\u0130Z<\/h1><div class=\"special-heading-border\"><div class=\"special-heading-inner-border\"><\/div><\/div><\/div>\n\n<\/div><\/div><\/main><!-- close content main element --><\/div><\/div>\n<style type=\"text\/css\" data-created_by=\"avia_inline_auto\" id=\"style-css-av-dpfuo-bc44f5b672888c2b39ecd059074e2d89\">\n.avia-section.av-dpfuo-bc44f5b672888c2b39ecd059074e2d89{\nbackground-repeat:no-repeat;\nbackground-image:url(https:\/\/drturanpoyraz.com\/en\/wp-content\/uploads\/2022\/01\/pattern-bg2.jpg);\nbackground-position:50% 50%;\nbackground-attachment:fixed;\n}\n.avia-section.av-dpfuo-bc44f5b672888c2b39ecd059074e2d89 .av-section-color-overlay{\nopacity:0.6;\nbackground-color:#ffffff;\n}\n<\/style>\n<div id='av_section_2'  class='avia-section av-dpfuo-bc44f5b672888c2b39ecd059074e2d89 main_color avia-section-default avia-no-border-styling  avia-builder-el-2  el_after_av_section  el_before_av_one_full  avia-bg-style-fixed av-section-color-overlay-active container_wrap fullsize'  data-section-bg-repeat='no-repeat'><div class='av-section-color-overlay-wrap'><div class=\"av-section-color-overlay\"><\/div><div class='container av-section-cont-open' ><div class='template-page content  av-content-full alpha units'><div class='post-entry post-entry-type-page post-entry-952'><div class='entry-content-wrapper clearfix'>\n<div class='flex_column av-kyy1n00i-c7247aa2508f3845717c3589feb53692 av_one_full  avia-builder-el-3  avia-builder-el-no-sibling  first flex_column_div  av-animated-generic top-to-bottom '   ><br \/>\n\n<style type=\"text\/css\" data-created_by=\"avia_inline_auto\" id=\"style-css-av-kyvjngxx-59d43533738fff54b04d7d078994ba60\">\n#top .hr.hr-invisible.av-kyvjngxx-59d43533738fff54b04d7d078994ba60{\nheight:220px;\n}\n<\/style>\n<div  class='hr av-kyvjngxx-59d43533738fff54b04d7d078994ba60 hr-invisible  avia-builder-el-5  el_after_av_codeblock  avia-builder-el-last '><span class='hr-inner '><span class=\"hr-inner-style\"><\/span><\/span><\/div><\/p><\/div><\/div><\/div><\/div><!-- close content main div --><\/div><\/div><\/div><div id='after_section_2'  class='main_color av_default_container_wrap container_wrap fullsize'  ><div class='container av-section-cont-open' ><div class='template-page content  av-content-full alpha units'><div class='post-entry post-entry-type-page post-entry-952'><div class='entry-content-wrapper clearfix'>\n<style type=\"text\/css\" data-created_by=\"avia_inline_auto\" id=\"style-css-av-kyybpmig-631f649864501c3f50d9ab766ea85643\">\n#top .flex_column.av-kyybpmig-631f649864501c3f50d9ab766ea85643{\nmargin-top:-120px;\nmargin-bottom:-120px;\n}\n.responsive #top #wrap_all .flex_column.av-kyybpmig-631f649864501c3f50d9ab766ea85643{\nmargin-top:-120px;\nmargin-bottom:-120px;\n}\n<\/style>\n<div class='flex_column av-kyybpmig-631f649864501c3f50d9ab766ea85643 av_one_full  avia-builder-el-6  el_after_av_section  avia-builder-el-no-sibling  first flex_column_div  av-animated-generic left-to-right '   ><br \/>\n\n<style type=\"text\/css\" data-created_by=\"avia_inline_auto\" id=\"style-css-av-lhrrn9f3-113b31dbb78e584b529f04ab5fea7b08\">\n#top .hr.hr-invisible.av-lhrrn9f3-113b31dbb78e584b529f04ab5fea7b08{\nheight:50px;\n}\n<\/style>\n<div  class='hr av-lhrrn9f3-113b31dbb78e584b529f04ab5fea7b08 hr-invisible  avia-builder-el-8  el_after_av_codeblock  avia-builder-el-last '><span class='hr-inner '><span class=\"hr-inner-style\"><\/span><\/span><\/div><\/p><\/div><\/p>\n","protected":false},"excerpt":{"rendered":"","protected":false},"author":1,"featured_media":0,"parent":0,"menu_order":0,"comment_status":"closed","ping_status":"closed","template":"","meta":{"footnotes":""},"class_list":["post-952","page","type-page","status-publish","hentry"],"_links":{"self":[{"href":"https:\/\/drturanpoyraz.com\/en\/wp-json\/wp\/v2\/pages\/952","targetHints":{"allow":["GET"]}}],"collection":[{"href":"https:\/\/drturanpoyraz.com\/en\/wp-json\/wp\/v2\/pages"}],"about":[{"href":"https:\/\/drturanpoyraz.com\/en\/wp-json\/wp\/v2\/types\/page"}],"author":[{"embeddable":true,"href":"https:\/\/drturanpoyraz.com\/en\/wp-json\/wp\/v2\/users\/1"}],"replies":[{"embeddable":true,"href":"https:\/\/drturanpoyraz.com\/en\/wp-json\/wp\/v2\/comments?post=952"}],"version-history":[{"count":44,"href":"https:\/\/drturanpoyraz.com\/en\/wp-json\/wp\/v2\/pages\/952\/revisions"}],"predecessor-version":[{"id":2552,"href":"https:\/\/drturanpoyraz.com\/en\/wp-json\/wp\/v2\/pages\/952\/revisions\/2552"}],"wp:attachment":[{"href":"https:\/\/drturanpoyraz.com\/en\/wp-json\/wp\/v2\/media?parent=952"}],"curies":[{"name":"wp","href":"https:\/\/api.w.org\/{rel}","templated":true}]}}